{"id":648,"date":"2016-11-23T11:01:07","date_gmt":"2016-11-23T10:01:07","guid":{"rendered":"https:\/\/hotel.hotelnavy.com\/privacy-policy\/"},"modified":"2016-11-23T11:01:07","modified_gmt":"2016-11-23T10:01:07","slug":"privacy-policy","status":"publish","type":"page","link":"https:\/\/hotel.hotelnavy.com\/en\/privacy-policy\/","title":{"rendered":"Privacy Policy"},"content":{"rendered":"<p>In questa pagina si descrivono le modalit\u00e0 di trattamento dei dati personali degli utenti che consultano il nostro sito internet ed interagiscono via web, email od altro strumento telematico con la nostra organizzazione1. Identit\u00e0 del Titolare del Trattamento.<\/p>\n<p>Titolare del Trattamento: \u00e8 la societ\u00e0 Heol srl avente sede legale Viale Italia 231 57128 Livorno heol@lamiapec.it, di seguito indicata anche come \u201cLa Societ\u00e0\u201d.<\/p>\n<p>Ti preghiamo di osservare che questa Informativa non si applica al trattamento delle informazioni personali per conto di societ\u00e0 terze e soggette alle istruzioni di terze parti, quali compagnie aeree, societa\u0300 di autonoleggio e altri fornitori di servizi, societa\u0300 che organizzano o offrono pacchetti di viaggio, partner commerciali o clienti aziendali.<\/p>\n<p>Il trattamento si basa sempre su principi di liceita\u0300 e correttezza in ottemperanza a tutte le vigenti normative e vengono adottate idonee misure di sicurezza a protezione dei dati.<\/p>\n<p>Tutti gli hotel gestiti dal nostri Gruppo sono tenuti a rispettare le nostre policy di protezione della privacy.<\/p>\n<h2>2. Finalit\u00e0 dei trattamenti.<\/h2>\n<h3>A) Dati personali che raccogliamo tramite i servizi telematici<\/h3>\n<p>Sfruttando il sistema di prenotazione online presente sul nostro sito, telefonando ai nostri uffici booking, iscrivendoti alle nostre newsletter, visitando il sito stesso, fornendo a noi comunicazioni email e questionari di gradimento, partecipando ad iniziative di marketing ed in ogni occasione di contatto o interazione con l&#8217;ospite e in tutti gli altri aspetti del nostro lavoro, possiamo raccogliere delle informazioni personali che possono includere il trattamento dei dati per le seguenti finalita\u0300:<\/p>\n<p>Per i servizi di prenotazione: dati personali, quali nome, indirizzo, mail, telefono, nazionalita\u0300, numero di passaporto\/carta di identit\u00e0\/patente e data e luogo di rilascio; cronologia dei viaggi; informazioni di pagamento, come il numero della carta di pagamento, dati bancari e altre informazioni sulla carta e altri dettagli di fatturazione e del conto relativi alla fatturazione elettronica;<\/p>\n<p>Per servizi contabili, amministrativi e fiscali;<\/p>\n<p>Per accelerare le procedure di registrazione in caso di Tuoi successivi soggiorni presso le nostre strutture;<\/p>\n<p>Per offrirTi servizi adeguati alle Tue preferenze e problematiche personali quali ad esempio difficolt\u00e0 motorie od allergie; dati che ove implicano l\u2019inequivocabile consenso al trattamento per la finalit\u00e0 di godere dei nostri servizi alberghieri e ricettivi.<\/p>\n<p>Per iscriverti al programma di fatturazione elettronica: i dati della Tua email ti saranno richiesti per l\u2019iscrizione al programma di fatturazione elettronica. Previo tuo esplicito consenso potremmo inviarti la fattura Via email: In tal caso Ti raccomandiamo di prestare attenzione a fornirci l\u2019esatto indirizzo email di cui ne assumi ogni responsabilit\u00e0.<\/p>\n<p>Finalit\u00e0 di marketing, comunicazione di offerte promozionali, aggiornamento tariffe tramite iscrizione alle nostre newsletter, o consenso specifico rilasciato all\u2019atto della prenotazione in struttura.<\/p>\n<p>Dati personali che raccogliamo, previo consenso informato, tramite le iscrizioni alle NEWSLETTER per ricevere comunicazioni di natura commerciale o promozionale. I dati sono minimizzati a quelli relativi ai form presenti sui siti delle nostre stutture (nome\/cognome\/email\/telefono).<\/p>\n<h3>B) Dati personali derivanti dalla gestione dei CURRICULA.<\/h3>\n<p>La Societ\u00e0 si riserva di valutare i curricula pervenuti per le potenziali candidature presenti all\u2019interno dell\u2019hotel o che si potrebbero presentare in un prossimo futuro.<\/p>\n<p>Si invitano comunque i gentili candidati a rispettare le seguenti regole nella trasmissione dei curricula in formato elettronico:<\/p>\n<p>rispettando nella compilazione del proprio curriculum il formato europeo;<\/p>\n<p>trasmettendo il curriculum in formato pdf;<\/p>\n<p>evitando d\u2019inserire nel proprio curriculum dati sensibili (relativi, in particolare, allo stato di salute, alle convinzioni religiose, filosofiche o politiche) non pertinenti in relazione all\u2019offerta di lavoro;<\/p>\n<p>dando il consenso al trattamento di dati sensibili pertinenti all\u2019instaurazione di un rapporto di lavoro (ad esempio appartenenza a categorie protette).<\/p>\n<p>Sar\u00e0 cura della Societ\u00e0 fornire un\u2019idonea informativa ai candidati durante gli eventuali colloqui.<\/p>\n<p>La finalit\u00e0 del trattamento connessa alla gestione dei curricula, interesser\u00e0 attivit\u00e0 strettamente riferite alla valutazione, reclutamento o selezione del personale, con obiettivi di collaborazione, assunzione a tempo determinato o indeterminato, di stage.<\/p>\n<h3>C) Dati forniti volontariamente per EMAIL.<\/h3>\n<p>L\u2019invio facoltativo, esplicito e volontario di posta elettronica agli indirizzi indicati sui sito della Societ\u00e0 comporta la successiva acquisizione dell\u2019indirizzo del mittente, necessario per rispondere alle richieste, nonch\u00e9 degli eventuali altri dati personali inseriti nella missiva.<\/p>\n<h3>D) Dati che raccogliamo presso la struttura:<\/h3>\n<p>Raccogliamo ulteriori dati personali durante la registrazione\/il check-in presso la nostra struttura alberghiera, tra cui le informazioni richieste dalle leggi locali. Sempre durante il soggiorno, inoltre, potranno essere raccolti ulteriori dati, previa informativa e, ove occorrente, il consenso dell\u2019ospite (ad esempio per servizi fotografici, riprese video promozionali, partecipazione ad eventi, escursioni, noleggi di attrezzature e relative assicurazioni)<\/p>\n<h3>E. Profili degli eventi:<\/h3>\n<p>presso la nostra struttura \u00e8 possibile organizzare eventi convegnistici, meeting, feste private. Per tali eventi, registreremo le specifiche dell&#8217;evento o della riunione, la data, il numero degli ospiti, i dettagli sulle camere per gli ospiti e, per gli eventi aziendali, le informazioni sulla tua organizzazione (nome, budget annuale, numero di eventi sponsorizzati ogni anno). Raccogliamo anche informazioni sugli ospiti che fanno parte del tuo gruppo o evento. Se ci fai visita all&#8217;interno di un gruppo, possiamo richiedere le tue informazioni personali al gruppo e possiamo inviarti informazioni commerciali previo tuo consenso espresso in seguito al tuo soggiorno con un gruppo o alla partecipazione a un evento. Se ci fai visita nell&#8217;ambito di un evento, possiamo condividere le tue informazioni personali con gli organizzatori dell&#8217;evento. Se sei un organizzatore di eventi, possiamo anche condividere le informazioni sul tuo evento con fornitori di servizi di terze parti che possono inviarti informazioni commerciali su servizi per eventi.<\/p>\n<h3>F) Informazioni che raccogliamo da terze parti<\/h3>\n<p>In caso di prenotazione tramite Agenzie convenzionate o comunque nostri partner commerciali (compagnie aeree ad esempio), i Tuoi dati principali comuni, quali il nome, cognome, indirizzo ed email e riferimenti di contatto saranno raccolti per tramite dei suddetti enti. Analogamente, potremo raccogliere dati personali anche dai servizi di social media coerentemente con le tue impostazioni su tali servizi. Possiamo aggiungere tali informazioni a quelle di cui gia\u0300 disponiamo in archivio e condividerle con altri in base a quanto stabilito in questa Informativa.<\/p>\n<h3>G) Dati di navigazione<\/h3>\n<p>I sistemi informatici e le procedure software preposte al funzionamento del nostro sito web acquisiscono, nel corso del loro normale esercizio alcuni dati personali la cui trasmissione e\u0300 implicita nell\u2019uso dei protocolli di comunicazione di internet. Tali informazioni non sono raccolte per essere associate a interessati identificati , ma che per loro stessa natura potrebbero, attraverso elaborazioni ed associazioni con dati detenuti da terzi, permettere di identificare gli utenti.<\/p>\n<p>In questa categoria di dati rientrano gli indirizzi IP o i nomi a dominio dei computer utilizzati dagli utenti che si connettono al sito, gli indirizzi in notazione URI (Uniform resource Identifier) delle risorse richieste, l\u2019orario della richiesta, il metodo utilizzato nel sottoporre la richiesta al server, la dimensione del file ottenuto in risposta, il codice numerico indicante lo stato della risposta data dal server (buon fine, errore&#8230;.) ed altri parametri relativi al sistema operativo e all\u2019ambiente informatico dell\u2019utente.<\/p>\n<p>Questi dati vengono utilizzati al solo fine di ricavare informazioni statistiche anonime sull\u2019uso del sito e per controllarne il corretto funzionamento e vengono cancellate immediatamente dopo l\u2019elaborazione (vedi la nostra Cookies Policy) I dati potrebbero, altresi\u0300, essere utilizzati per l\u2019accertamento di responsabilit\u00e0 in caso di ipotetici reati informatici ai danni del sito.<\/p>\n<h2>3. Modalit\u00e0 del trattamento<\/h2>\n<p>Il trattamento dei Tuoi dati personali \u00e8 realizzato per mezzo delle operazioni indicate all\u2019art. 4 n. 2) GDPR e precisamente: raccolta, registrazione, organizzazione, conservazione, consultazione, elaborazione, modificazione, selezione, estrazione, raffronto, utilizzo, interconnessione, blocco, comunicazione, cancellazione e distruzione dei dati. I dati personali sono sottoposti a trattamento sia cartaceo che elettronico e\/o automatizzato Le operazioni di trattamento sono attuate in modo da garantire la sicurezza logica, fisica e la riservatezza dei Tuoi dati personali.<\/p>\n<h2>4. Natura dei dati personali<\/h2>\n<p>Costituiscono oggetto di trattamento i Tuoi dati personali, comuni, particolari, sensibili, sanitari, inerenti lo svolgimento delle attivit\u00e0 di cui sopra ne \u00e8 stata specificata la finalit\u00e0. Quanto ai dati particolari, sensibili e sanitari, ne viene garantita la minimizzazione, ovvero la raccolta, l\u2019uso, la protezione e conservazione solo nei casi di assoluta necessit\u00e0 e pertinenza rispetto alla finalit\u00e0.<\/p>\n<h2>5. Natura obbligatoria o facoltativa del conferimento.<\/h2>\n<p>A parte quanto specificato per i dati di navigazione, l\u2019utente \u00e8 libero di fornire i dati personali per effettuare una prenotazione on-line. L\u2019avanzamento della procedura di prenotazione on-line implica un implicito consenso dell\u2019interessato al trattamento dei propri dati personali in base alla politica privacy qui esposta.<\/p>\n<p>La registrazione volontaria alla procedura di inserimento dati alla newsletter implica un consenso esplicito ed inequivocabile dell\u2019interessato al trattamento dei propri dati personali in base alla politica privacy del sito da cui si procede all\u2019iscrizione (vi sar\u00e0 comunque richiesto di accettare la presente informativa).<\/p>\n<p>Rispetto all\u2019erogazione dei servizi alberghieri e turistici della nostra struttura, il conferimento dei dati \u00e8 facoltativo ma pu\u00f2 comportare l\u2019impossibilit\u00e0 di erogare in tutto od in parte i servizi richiesti. Per le finalit\u00e0 di fatturazione elettronica via email e marketing, il conferimento \u00e8 facoltativo e non interferisce con l\u2019erogazione dei servizi della struttura.<\/p>\n<p>L\u2019interessato puo\u0300 rifiutarsi di conferire al Titolare i dati di navigazione; per fare cio\u0300, deve disabilitare i cookies seguendo le istruzioni fornite dal browser in uso come da separata policy sui cookies. La disabilitazione dei cookies puo\u0300 peggiorare la navigazione delle funzionalita\u0300 del sito.<\/p>\n<h2>6. Ambito di comunicazione e diffusione dei dati<\/h2>\n<p>I dati potranno essere trattati esclusivamente da personale ufficialmente incaricato ed istruito in materia di riservatezza e sicurezza sui dati personali.<\/p>\n<p>Divulghiamo i Tuoi dati a terzi solo in queste circostanze:<\/p>\n<p>a chi cerca informazioni nella veste di agente dell\u2019ospite, come un\u2019agenzia di viaggi;<\/p>\n<p>a soggetti terzi coinvolti nel fornire i servizi richiesti al cliente per la parte richiesta al fine di completare il servizio;<\/p>\n<p>a soggetti terzi che lavorano per la societ\u00e0 al fine di svolgere i servizi come gestione prenotazioni, elaborazione e archiviazione dati, questionari per i clienti<\/p>\n<p>a pubbliche autorit\u00e0 se per il giudizio della Societ\u00e0 si ritiene che ci sia un imminente pericolo di vita o a beni materiali che potrebbe essere ridotto o evitato dalla diffusione delle info, o se la loro diffusione \u00e8 richiesta dalle autorit\u00e0.<\/p>\n<p>ognuna di queste diffusioni di info da parte nostra a terze parti sar\u00e0 fatta solo a condizione di mantenere uno stato confidenziale, in modo che le info siano usate solo ai fini per cui sono state divulgate.<\/p>\n<h2>7. Luogo del trattamento e Trasferimento dati personali a un Paese terzo.<\/h2>\n<p>La gestione e la conservazione dei dati personali avverr\u00e0 su server ubicati all\u2019interno dell\u2019Unione Europea della Societ\u00e0 e\/o di societ\u00e0 terze incaricate e debitamente nominate quali responsabili del trattamento. Attualmente i server sono situati in UE. I dati non saranno oggetto di trasferimento al di fuori dell\u2019Unione Europea. Resta in ogni caso inteso che il Titolare, ove si rendesse necessario, avr\u00e0 facolt\u00e0 di spostare l\u2019ubicazione dei server in Italia e\/o Unione Europea e\/o Paesi extra-UE. In tal caso, il Titolare assicura sin d\u2019ora che il trasferimento dei dati extra-UE avverr\u00e0 in conformit\u00e0 alle disposizioni di legge applicabili stipulando, se necessario, accordi che garantiscano un livello di protezione adeguato e\/o adottando le clausole contrattuali standard previste dalla Commissione Europea.<\/p>\n<h2>8. Modalit\u00e0 e durata conservazione dei dati personali.<\/h2>\n<p>Il Titolare tratter\u00e0 i dati personali:<\/p>\n<p>24 mesi per le finalit\u00e0 di servizio e recupero credito;<\/p>\n<p>10 anni per finalit\u00e0 di conservazione documentazione contabile ex art. 2220 cc<\/p>\n<p>10 anni marketing, salvo revoca consenso e cancellazione newsletters.<\/p>\n<h2>9. Diritto di accesso dell\u2019interessato (art. 15 GDPR UE 679\/2016)<\/h2>\n<p>L&#8217;interessato ha il diritto di ottenere dal titolare del trattamento la conferma che sia o meno in corso un trattamento di dati personali che lo riguardano e in tal caso, di ottenere l&#8217;accesso ai dati personali e alle seguenti informazioni:<\/p>\n<p>a) le finalit\u00e0 del trattamento;<\/p>\n<p>b) le categorie di dati personali in questione;<\/p>\n<p>c) i destinatari o le categorie di destinatari a cui i dati personali sono stati o saranno comunicati, in particolare se destinatari di paesi terzi o organizzazioni internazionali;<\/p>\n<p>d) il periodo di conservazione dei dati personali previsto oppure, se non \u00e8 possibile, i criteri utilizzati per determinare tale periodo;<\/p>\n<p>e) l&#8217;esistenza del diritto dell&#8217;interessato di chiedere al titolare del trattamento la rettifica o la cancellazione dei dati personali o la limitazione del trattamento dei dati personali che lo riguardano o di opporsi al loro trattamento;<\/p>\n<p>f) il diritto di proporre reclamo a un&#8217;autorit\u00e0 di controllo;<\/p>\n<p>h) l&#8217;esistenza di un processo decisionale automatizzato, compresa la profilazione e, almeno in tali casi, informazioni significative sulla logica utilizzata, nonch\u00e9 l&#8217;importanza e le conseguenze previste di tale trattamento per l&#8217;interessato.<\/p>\n<h2>10 )Revoca del consenso<\/h2>\n<p>Con riferimento all\u2019art. 6 del GDPR 679\/16, l\u2019interessato puo\u0300 revocare il consenso in qualsiasi momento.<\/p>\n<h2>11) Altri diritti degli interessati.<\/h2>\n<p>Con riferimento alle seguenti norme: art. 16 \u201cdiritto di rettifica\u201d, art. 17 \u201cdiritto alla cancellazione\u201d, art. 18 \u201cdiritto alla limitazione del trattamento\u201d, art. 20 \u201cdiritto alla portabilita\u0300\u201d, art.21 \u201cdiritto di opposizione al processo decisionale automatizzato del GDPR 679\/2016, l\u2019interessato esercita i Suoi diritti scrivendo al Titolare del trattamente una raccomandata ar al seguente indirizzoHeol srl Viale Italia 231 57126 Livorno; oppure inviando una pec: heol@lamiapec.it<\/p>\n<h2>12) Proposizione di reclami<\/h2>\n<p>L\u2019interessato ha diritto di proporre reclamo all\u2019autorita\u0300 di controllo dello stato di residenza.<\/p>\n<h2>13) Processi decisionali automatizzati<\/h2>\n<p>Il Titolare non effettua trattamenti che consistano in processi decisionali automatizzati<\/p>\n<h2>14) Informazioni non contenute in questa policy<\/h2>\n<p>Maggiori informazioni in relazione al trattamento dei Dati Personali potranno essere richieste in qualsiasi momento al Titolare del Trattamento utilizzando le informazioni di contatto.<\/p>\n<h2>15) Modifiche a questa privacy policy<\/h2>\n<p>Il Titolare del Trattamento si riserva il diritto di apportare modifiche alla presente privacy policy in qualunque momento dandone pubblicita\u0300 agli Utenti su questa pagina. Si prega dunque di consultare spesso questa pagina, prendendo come riferimento la data di ultima modifica indicata in fondo. Nel caso di mancata accettazione delle modifiche apportate alla presente privacy policy, l\u2019Utente e\u0300 tenuto a cessare l\u2019utilizzo di questa Applicazione e puo\u0300 richiedere al Titolare del Trattamento di rimuovere i propri Dati Personali. Salvo quanto diversamente specificato.<\/p>\n<h2>16) La privacy dei minorenni<\/h2>\n<p>Il nostro sito web e\u0300 diretto a un pubblico generalista e non offre servizi indirizzati ai bambini. Se scopriamo che un minorenne ci ha fornito dati personali senza l&#8217;autorizzazione dei genitori o del tutore, provvederemo a cancellare immediatamente tali informazioni.<\/p>\n<h2>17) Collegameti esterni<\/h2>\n<p>Se delle pagine di questo sito web o delle sezioni delle nostre applicazioni contengono collegamenti ad altri siti, essi non sono vincolati dalla presente Informativa sulla privacy. Consigliamo di leggere con attenzione l&#8217;informativa sulla privacy disponibile su tali siti esterni e di esaminare le procedure per la raccolta, l&#8217;utilizzo e la divulgazione delle informazioni personali da essi utilizzate.<\/p>\n<h2>18) Difesa in giudizio<\/h2>\n<p>I Dati Personali dell\u2019Utente possono essere utilizzati per la difesa da parte del Titolare in giudizio o nelle fasi propedeutiche alla sua eventuale instaurazione, da abusi nell&#8217;utilizzo della stessa o dei servizi connessi da parte dell\u2019Utente.<\/p>\n<p>A seguito di citazione in giudizio, ordinanza giudiziaria o altra iniziativa legale; al fine di stabilire o esercitare i diritti a noi riconosciuti dalla legge; per difenderci nell&#8217;eventualita\u0300 di azione legale ai nostri danni o per altra finalita\u0300 dettata dalla legge. L\u2019Utente dichiara di essere consapevole che al Titolare potrebbe essere richiesto di rivelare i Dati su richiesta delle pubbliche autorita\u0300.<\/p>\n<h2>19)Riferimenti legali<\/h2>\n<p>La presente informativa e\u0300 redatta in adempimento degli obblighi previsti dal GDPR 679\/16 dall\u2019art. 10 della Direttiva n. 95\/46\/CE, nonche\u0301 quanto previsto dalla Direttiva 2009\/136\/CE in materia di Cookie.<\/p>\n<p>Pisa, 11 aprile 2018.<\/p>\n","protected":false},"excerpt":{"rendered":"<p>In questa pagina si descrivono le modalit\u00e0 di trattamento dei dati personali degli utenti che consultano il nostro sito internet ed interagiscono via web, email od altro strumento telematico con la nostra organizzazione1. Identit\u00e0 del Titolare del Trattamento. Titolare del Trattamento: \u00e8 la societ\u00e0 Heol srl avente sede legale Viale Italia 231 57128 Livorno heol@lamiapec.it,&#8230; <a class=\"continue\" href=\"https:\/\/hotel.hotelnavy.com\/en\/privacy-policy\/\">continue<\/a><\/p>\n","protected":false},"author":1,"featured_media":0,"parent":0,"menu_order":0,"comment_status":"closed","ping_status":"closed","template":"","meta":{"_acf_changed":false,"footnotes":""},"class_list":["post-648","page","type-page","status-publish","hentry"],"acf":[],"yoast_head":"<!-- This site is optimized with the Yoast SEO plugin v26.7 - https:\/\/yoast.com\/wordpress\/plugins\/seo\/ -->\n<title>Privacy Policy - Hotel Navy \u2013 Hotel 3 Stelle a Livorno | Davanti al mare di Livorno<\/title>\n<meta name=\"robots\" content=\"index, follow, max-snippet:-1, max-image-preview:large, max-video-preview:-1\" \/>\n<link rel=\"canonical\" href=\"https:\/\/hotel.hotelnavy.com\/en\/privacy-policy\/\" \/>\n<meta property=\"og:locale\" content=\"en_US\" \/>\n<meta property=\"og:type\" content=\"article\" \/>\n<meta property=\"og:title\" content=\"Privacy Policy - Hotel Navy \u2013 Hotel 3 Stelle a Livorno | Davanti al mare di Livorno\" \/>\n<meta property=\"og:description\" content=\"In questa pagina si descrivono le modalit\u00e0 di trattamento dei dati personali degli utenti che consultano il nostro sito internet ed interagiscono via web, email od altro strumento telematico con la nostra organizzazione1. Identit\u00e0 del Titolare del Trattamento. Titolare del Trattamento: \u00e8 la societ\u00e0 Heol srl avente sede legale Viale Italia 231 57128 Livorno heol@lamiapec.it,... continue\" \/>\n<meta property=\"og:url\" content=\"https:\/\/hotel.hotelnavy.com\/en\/privacy-policy\/\" \/>\n<meta property=\"og:site_name\" content=\"Hotel Navy \u2013 Hotel 3 Stelle a Livorno | Davanti al mare di Livorno\" \/>\n<meta name=\"twitter:card\" content=\"summary_large_image\" \/>\n<meta name=\"twitter:label1\" content=\"Est. reading time\" \/>\n\t<meta name=\"twitter:data1\" content=\"13 minutes\" \/>\n<script type=\"application\/ld+json\" class=\"yoast-schema-graph\">{\"@context\":\"https:\/\/schema.org\",\"@graph\":[{\"@type\":\"WebPage\",\"@id\":\"https:\/\/hotel.hotelnavy.com\/en\/privacy-policy\/\",\"url\":\"https:\/\/hotel.hotelnavy.com\/en\/privacy-policy\/\",\"name\":\"Privacy Policy - Hotel Navy \u2013 Hotel 3 Stelle a Livorno | Davanti al mare di Livorno\",\"isPartOf\":{\"@id\":\"https:\/\/hotel.hotelnavy.com\/#website\"},\"datePublished\":\"2016-11-23T10:01:07+00:00\",\"breadcrumb\":{\"@id\":\"https:\/\/hotel.hotelnavy.com\/en\/privacy-policy\/#breadcrumb\"},\"inLanguage\":\"en-US\",\"potentialAction\":[{\"@type\":\"ReadAction\",\"target\":[\"https:\/\/hotel.hotelnavy.com\/en\/privacy-policy\/\"]}]},{\"@type\":\"BreadcrumbList\",\"@id\":\"https:\/\/hotel.hotelnavy.com\/en\/privacy-policy\/#breadcrumb\",\"itemListElement\":[{\"@type\":\"ListItem\",\"position\":1,\"name\":\"Home\",\"item\":\"https:\/\/hotel.hotelnavy.com\/\"},{\"@type\":\"ListItem\",\"position\":2,\"name\":\"Privacy Policy\"}]},{\"@type\":\"WebSite\",\"@id\":\"https:\/\/hotel.hotelnavy.com\/#website\",\"url\":\"https:\/\/hotel.hotelnavy.com\/\",\"name\":\"Hotel Navy \u2013 Hotel 3 Stelle a Livorno | Davanti al mare di Livorno\",\"description\":\"\",\"potentialAction\":[{\"@type\":\"SearchAction\",\"target\":{\"@type\":\"EntryPoint\",\"urlTemplate\":\"https:\/\/hotel.hotelnavy.com\/?s={search_term_string}\"},\"query-input\":{\"@type\":\"PropertyValueSpecification\",\"valueRequired\":true,\"valueName\":\"search_term_string\"}}],\"inLanguage\":\"en-US\"}]}<\/script>\n<!-- \/ Yoast SEO plugin. -->","yoast_head_json":{"title":"Privacy Policy - Hotel Navy \u2013 Hotel 3 Stelle a Livorno | Davanti al mare di Livorno","robots":{"index":"index","follow":"follow","max-snippet":"max-snippet:-1","max-image-preview":"max-image-preview:large","max-video-preview":"max-video-preview:-1"},"canonical":"https:\/\/hotel.hotelnavy.com\/en\/privacy-policy\/","og_locale":"en_US","og_type":"article","og_title":"Privacy Policy - Hotel Navy \u2013 Hotel 3 Stelle a Livorno | Davanti al mare di Livorno","og_description":"In questa pagina si descrivono le modalit\u00e0 di trattamento dei dati personali degli utenti che consultano il nostro sito internet ed interagiscono via web, email od altro strumento telematico con la nostra organizzazione1. Identit\u00e0 del Titolare del Trattamento. Titolare del Trattamento: \u00e8 la societ\u00e0 Heol srl avente sede legale Viale Italia 231 57128 Livorno heol@lamiapec.it,... continue","og_url":"https:\/\/hotel.hotelnavy.com\/en\/privacy-policy\/","og_site_name":"Hotel Navy \u2013 Hotel 3 Stelle a Livorno | Davanti al mare di Livorno","twitter_card":"summary_large_image","twitter_misc":{"Est. reading time":"13 minutes"},"schema":{"@context":"https:\/\/schema.org","@graph":[{"@type":"WebPage","@id":"https:\/\/hotel.hotelnavy.com\/en\/privacy-policy\/","url":"https:\/\/hotel.hotelnavy.com\/en\/privacy-policy\/","name":"Privacy Policy - Hotel Navy \u2013 Hotel 3 Stelle a Livorno | Davanti al mare di Livorno","isPartOf":{"@id":"https:\/\/hotel.hotelnavy.com\/#website"},"datePublished":"2016-11-23T10:01:07+00:00","breadcrumb":{"@id":"https:\/\/hotel.hotelnavy.com\/en\/privacy-policy\/#breadcrumb"},"inLanguage":"en-US","potentialAction":[{"@type":"ReadAction","target":["https:\/\/hotel.hotelnavy.com\/en\/privacy-policy\/"]}]},{"@type":"BreadcrumbList","@id":"https:\/\/hotel.hotelnavy.com\/en\/privacy-policy\/#breadcrumb","itemListElement":[{"@type":"ListItem","position":1,"name":"Home","item":"https:\/\/hotel.hotelnavy.com\/"},{"@type":"ListItem","position":2,"name":"Privacy Policy"}]},{"@type":"WebSite","@id":"https:\/\/hotel.hotelnavy.com\/#website","url":"https:\/\/hotel.hotelnavy.com\/","name":"Hotel Navy \u2013 Hotel 3 Stelle a Livorno | Davanti al mare di Livorno","description":"","potentialAction":[{"@type":"SearchAction","target":{"@type":"EntryPoint","urlTemplate":"https:\/\/hotel.hotelnavy.com\/?s={search_term_string}"},"query-input":{"@type":"PropertyValueSpecification","valueRequired":true,"valueName":"search_term_string"}}],"inLanguage":"en-US"}]}},"_links":{"self":[{"href":"https:\/\/hotel.hotelnavy.com\/en\/wp-json\/wp\/v2\/pages\/648","targetHints":{"allow":["GET"]}}],"collection":[{"href":"https:\/\/hotel.hotelnavy.com\/en\/wp-json\/wp\/v2\/pages"}],"about":[{"href":"https:\/\/hotel.hotelnavy.com\/en\/wp-json\/wp\/v2\/types\/page"}],"author":[{"embeddable":true,"href":"https:\/\/hotel.hotelnavy.com\/en\/wp-json\/wp\/v2\/users\/1"}],"replies":[{"embeddable":true,"href":"https:\/\/hotel.hotelnavy.com\/en\/wp-json\/wp\/v2\/comments?post=648"}],"version-history":[{"count":0,"href":"https:\/\/hotel.hotelnavy.com\/en\/wp-json\/wp\/v2\/pages\/648\/revisions"}],"wp:attachment":[{"href":"https:\/\/hotel.hotelnavy.com\/en\/wp-json\/wp\/v2\/media?parent=648"}],"curies":[{"name":"wp","href":"https:\/\/api.w.org\/{rel}","templated":true}]}}